{"id":24665,"date":"2023-05-03T09:40:33","date_gmt":"2023-05-03T07:40:33","guid":{"rendered":"https:\/\/luzemann-gmbh.de\/?page_id=24665"},"modified":"2023-05-23T10:29:11","modified_gmt":"2023-05-23T08:29:11","slug":"datenschutzerklaerung-services","status":"publish","type":"page","link":"https:\/\/luzemann-services.de\/?page_id=24665","title":{"rendered":"Datenschutzerkl\u00e4rung Luzemann Services GmbH &#038; Co. KG"},"content":{"rendered":"\t\t<div data-elementor-type=\"wp-page\" data-elementor-id=\"24665\" class=\"elementor elementor-24665\">\n\t\t\t\t\t\t<div class=\"elementor-inner\">\n\t\t\t\t<div class=\"elementor-section-wrap\">\n\t\t\t\t\t\t\t\t\t<section class=\"elementor-section elementor-top-section elementor-element elementor-element-2b1184b0 elementor-section-boxed elementor-section-height-default elementor-section-height-default sc_fly_static\" data-id=\"2b1184b0\" data-element_type=\"section\" data-settings=\"{&quot;background_background&quot;:&quot;classic&quot;}\">\n\t\t\t\t\t\t<div class=\"elementor-container elementor-column-gap-extended\">\n\t\t\t\t\t\t\t<div class=\"elementor-row\">\n\t\t\t\t\t<div class=\"elementor-column elementor-col-100 elementor-top-column elementor-element elementor-element-153e1c19 sc_inner_width_none sc_content_align_inherit sc_layouts_column_icons_position_left sc_fly_static\" data-id=\"153e1c19\" data-element_type=\"column\">\n\t\t\t<div class=\"elementor-column-wrap elementor-element-populated\">\n\t\t\t\t\t\t\t<div class=\"elementor-widget-wrap\">\n\t\t\t\t\t\t<div class=\"elementor-element elementor-element-54db29de sc_fly_static elementor-widget elementor-widget-text-editor\" data-id=\"54db29de\" data-element_type=\"widget\" data-widget_type=\"text-editor.default\">\n\t\t\t\t<div class=\"elementor-widget-container\">\n\t\t\t\t\t\t\t\t<div class=\"elementor-text-editor elementor-clearfix\">\n\t\t\t\t<h3>Datenschutzerkl\u00e4rung<\/h3>\t\t\t\t\t<\/div>\n\t\t\t\t\t\t<\/div>\n\t\t\t\t<\/div>\n\t\t\t\t<div class=\"elementor-element elementor-element-690b98ed sc_fly_static elementor-widget elementor-widget-spacer\" data-id=\"690b98ed\" data-element_type=\"widget\" data-widget_type=\"spacer.default\">\n\t\t\t\t<div class=\"elementor-widget-container\">\n\t\t\t\t\t<div class=\"elementor-spacer\">\n\t\t\t<div class=\"elementor-spacer-inner\"><\/div>\n\t\t<\/div>\n\t\t\t\t<\/div>\n\t\t\t\t<\/div>\n\t\t\t\t<div class=\"elementor-element elementor-element-ca46a0f sc_fly_static elementor-widget elementor-widget-text-editor\" data-id=\"ca46a0f\" data-element_type=\"widget\" data-widget_type=\"text-editor.default\">\n\t\t\t\t<div class=\"elementor-widget-container\">\n\t\t\t\t\t\t\t\t<div class=\"elementor-text-editor elementor-clearfix\">\n\t\t\t\t<h5>Vorstellung<\/h5>\n<p><strong>Verantwortlicher f\u00fcr die Datenverarbeitung ist:<\/strong><br>Luzemann Services GmbH &amp; Co. KG<br>Finkenwerder Norderdeich 133<br>21129 Hamburg<br>info@luzemann-services.de<\/p>\n<p><strong>Der Datenschutzbeauftragte unseres Unternehmens ist:<\/strong><br>Frank Schulz \/ sumit Datenschutz<br>Finkenwerder Norderdeich 133<br>21129 Hamburg<br>info@luzemann-services.de<\/p>\n<p>Wir freuen uns \u00fcber Ihr Interesse an unseren Dienstleistungen. Der Schutz Ihrer Privatsph\u00e4re ist f\u00fcr uns sehr wichtig. Nachstehend informieren wir Sie ausf\u00fchrlich \u00fcber den Umgang mit Ihren Daten.<\/p>\t\t\t\t\t<\/div>\n\t\t\t\t\t\t<\/div>\n\t\t\t\t<\/div>\n\t\t\t\t\t\t<\/div>\n\t\t\t\t\t<\/div>\n\t\t<\/div>\n\t\t\t\t\t\t\t\t<\/div>\n\t\t\t\t\t<\/div>\n\t\t<\/section>\n\t\t\t\t<section class=\"elementor-section elementor-top-section elementor-element elementor-element-7ef86bc8 elementor-section-boxed elementor-section-height-default elementor-section-height-default sc_fly_static\" data-id=\"7ef86bc8\" data-element_type=\"section\">\n\t\t\t\t\t\t<div class=\"elementor-container elementor-column-gap-extended\">\n\t\t\t\t\t\t\t<div class=\"elementor-row\">\n\t\t\t\t\t<div class=\"elementor-column elementor-col-100 elementor-top-column elementor-element elementor-element-19372eea sc_inner_width_none sc_content_align_inherit sc_layouts_column_icons_position_left sc_fly_static\" data-id=\"19372eea\" data-element_type=\"column\">\n\t\t\t<div class=\"elementor-column-wrap elementor-element-populated\">\n\t\t\t\t\t\t\t<div class=\"elementor-widget-wrap\">\n\t\t\t\t\t\t<div class=\"elementor-element elementor-element-32e8085 sc_fly_static elementor-widget elementor-widget-spacer\" data-id=\"32e8085\" data-element_type=\"widget\" data-widget_type=\"spacer.default\">\n\t\t\t\t<div class=\"elementor-widget-container\">\n\t\t\t\t\t<div class=\"elementor-spacer\">\n\t\t\t<div class=\"elementor-spacer-inner\"><\/div>\n\t\t<\/div>\n\t\t\t\t<\/div>\n\t\t\t\t<\/div>\n\t\t\t\t\t\t<\/div>\n\t\t\t\t\t<\/div>\n\t\t<\/div>\n\t\t\t\t\t\t\t\t<\/div>\n\t\t\t\t\t<\/div>\n\t\t<\/section>\n\t\t\t\t<section class=\"elementor-section elementor-top-section elementor-element elementor-element-a2ec18c elementor-section-boxed elementor-section-height-default elementor-section-height-default sc_fly_static\" data-id=\"a2ec18c\" data-element_type=\"section\" data-settings=\"{&quot;background_background&quot;:&quot;classic&quot;}\">\n\t\t\t\t\t\t<div class=\"elementor-container elementor-column-gap-extended\">\n\t\t\t\t\t\t\t<div class=\"elementor-row\">\n\t\t\t\t\t<div class=\"elementor-column elementor-col-100 elementor-top-column elementor-element elementor-element-e4f67bc sc_inner_width_none sc_content_align_inherit sc_layouts_column_icons_position_left sc_fly_static\" data-id=\"e4f67bc\" data-element_type=\"column\">\n\t\t\t<div class=\"elementor-column-wrap elementor-element-populated\">\n\t\t\t\t\t\t\t<div class=\"elementor-widget-wrap\">\n\t\t\t\t\t\t<div class=\"elementor-element elementor-element-fc87c00 sc_fly_static elementor-widget elementor-widget-text-editor\" data-id=\"fc87c00\" data-element_type=\"widget\" data-widget_type=\"text-editor.default\">\n\t\t\t\t<div class=\"elementor-widget-container\">\n\t\t\t\t\t\t\t\t<div class=\"elementor-text-editor elementor-clearfix\">\n\t\t\t\t<h5>Rechtsgrundlagen<\/h5>\n<p>Insofern wir f\u00fcr die Verarbeitung der personenbezogenen Daten eine&nbsp;<strong>Einwilligung<\/strong>&nbsp;der betroffenen Person eingeholt haben, gilt Artikel 6 Absatz 1 Unterabsatz 1a der DSGVO als rechtliche Grundlage.<\/p>\n<p>Ist die Verarbeitung personenbezogener Daten f\u00fcr die&nbsp;<strong>Erf\u00fcllung eines Vertrags<\/strong>&nbsp;mit der betroffenen Person oder f\u00fcr&nbsp;<strong>vorvertragliche Ma\u00dfnahmen<\/strong>&nbsp;erforderlich, die durch die betroffene Person veranlasst wurden, dient Artikel 6 Absatz 1 Unterabsatz 1b (DSGVO) als Rechtsgrundlage.<\/p>\n<p>Ist die Datenverarbeitung das Resultat einer&nbsp;<strong>rechtlichen Verpflichtung<\/strong>, der wir unterliegen, berufen wir uns auf Artikel 6 Absatz 1 Unterabsatz 1c der DSGVO als rechtliche Basis.<\/p>\n<p>Erfolgt die Verarbeitung personenbezogener Daten, um&nbsp;<strong>lebenswichtige Interessen<\/strong>&nbsp;der betroffenen Person oder einer anderen nat\u00fcrlichen Person zu sch\u00fctzen, dient Artikel 6 Absatz 1 Unterabsatz 1d (DSGVO) als Rechtsgrundlage.<\/p>\n<p>Dient die Datenverarbeitung einer Aufgabe, die im&nbsp;<strong>\u00f6ffentlichen Interesse<\/strong>&nbsp;liegt oder in&nbsp;<strong>Aus\u00fcbung \u00f6ffentlicher Gewalt<\/strong>&nbsp;erfolgt, berufen wir uns auf Artikel 6 Absatz 1 Unterabsatz 1e der DSGVO.<\/p>\n<p>Insofern die Verarbeitung personenbezogener Daten erforderlich ist, um&nbsp;<strong>berechtigte Interessen des Verantwortlichen<\/strong>&nbsp;oder&nbsp;<strong>eines Dritten<\/strong>&nbsp;zu wahren \u2013 ohne dabei die Interessen, Grundrechte oder Grundfreiheiten der betroffenen Person zu gef\u00e4hrden \u2013, gilt Artikel 6 Absatz 1 Unterabsatz 1f (DSGVO) als Rechtsgrundlage.<\/p>\n<h5>Auskunft, L\u00f6schung, Sperrung<\/h5>\n<p>Zu jedem Zeitpunkt k\u00f6nnen Sie sich \u00fcber die personenbezogenen Daten, deren Herkunft und Empf\u00e4nger und den Nutzen der Datenverarbeitung informieren und unentgeltlich eine Korrektur, Sperrung oder L\u00f6schung dieser Daten verlangen. Bitte nutzen Sie daf\u00fcr die im Impressum angegebenen Kontaktwege. F\u00fcr weitere Fragen zum Thema stehen wir Ihnen ebenfalls jederzeit zur Verf\u00fcgung.<\/p>\n<h5>Zwecke der Datenverarbeitung<\/h5>\n<p>Um Ihren Besuch so benutzerfreundlich wie m\u00f6glich zu gestalten und s\u00e4mtliche verf\u00fcgbaren Funktionen anbieten zu k\u00f6nnen, erheben wir eine Reihe von&nbsp;<strong>Daten und Informationen des Ger\u00e4ts<\/strong>, mit dem Sie unsere Website aufgerufen haben. Dabei handelt es sich um folgende Daten:<\/p>\n<ul>\n<li>IP-Adresse<\/li>\n<li>Betriebssystem<\/li>\n<li>Browsertyp und -version<\/li>\n<li>Datum und Uhrzeit des Zugriffs<\/li>\n<\/ul>\n<p>Eine Auswertung dieser Daten zu Marketingzwecken findet in diesem Zusammenhang nicht statt.<\/p>\n<h5>Cookies<\/h5>\n<p>Viele Internetseiten verwenden Cookies. Cookies sind unsch\u00e4dlich f\u00fcr Ihren Rechner und virenfrei. Sie dienen dazu, Internet-Angebote f\u00fcr die Besucher freundlicher, effektiver und sicherer zu machen. Cookies sind kleine Textdateien, die auf Ihrem Computer abgelegt werden und die Ihr Browser verwendet.<\/p>\n<p>Wir verwenden in der Regel so genannte \u201eSession-Cookies\u201c. Diese werden nach Verlassen unserer Seite automatisch gel\u00f6scht. Andere Cookies bleiben auf Ihrem Computer gespeichert, bis Sie diese l\u00f6schen. Diese Cookies helfen dabei, Ihren Rechner beim n\u00e4chsten Besuch wiederzuerkennen.<\/p>\n<p>\u00dcber die Browsereinstellungen k\u00f6nnen sie festlegen, dass Sie \u00fcber neue Cookies informiert werden und Cookies jeweils annehmen m\u00fcssen. Ebenso k\u00f6nnen Sie die Annahme von Cookies f\u00fcr bestimmte F\u00e4lle oder generell ausschlie\u00dfen oder das automatische L\u00f6schen der Cookies beim Schlie\u00dfen des Browser aktivieren. Werden Cookies desaktiviert, kann die Funktionalit\u00e4t unserer Website eingeschr\u00e4nkt sein.<\/p>\n<h5>Kontaktformular<\/h5>\n<p>Wir stellen Ihnen ein Kontaktformular zur Verf\u00fcgung, mit dem wir folgende personenbezogene Daten erheben:<\/p>\n<p>[Name]<br>[E-Mail-Adresse]<br>[Telefonnummer]<\/p>\n<p>Pflichtangaben sind mit einem * gekennzeichnet.<\/p>\n<p>Zus\u00e4tzlich erheben wir:<\/p>\n<p>[Zeitpunkt der \u00dcbermittlung]<br>[IP-Adresse]<\/p>\n<p>Die Daten werden ausschlie\u00dflich zum Zweck der \u00dcbermittlung von Anfragen und deren Beantwortung gespeichert. Die Pflichtangaben dienen der Zuordnung und der Beantwortung Ihres Anliegen. Dies entspricht unserem berechtigten Interesse (Art. 6 Abs. 1 lit f DSGVO). [Falls Sie sich \u00fcber ein angebotenes Produkt oder eine Dienstleistung informieren, erfolgt die Verarbeitung zur Durchf\u00fchrung vorvertraglicher Ma\u00dfnahmen (Art 6. Abs. 1 lit b DSGVO).]<br><br><\/p>\t\t\t\t\t<\/div>\n\t\t\t\t\t\t<\/div>\n\t\t\t\t<\/div>\n\t\t\t\t\t\t<\/div>\n\t\t\t\t\t<\/div>\n\t\t<\/div>\n\t\t\t\t\t\t\t\t<\/div>\n\t\t\t\t\t<\/div>\n\t\t<\/section>\n\t\t\t\t<section class=\"elementor-section elementor-top-section elementor-element elementor-element-58aae568 elementor-section-boxed elementor-section-height-default elementor-section-height-default sc_fly_static\" data-id=\"58aae568\" data-element_type=\"section\">\n\t\t\t\t\t\t<div class=\"elementor-container elementor-column-gap-extended\">\n\t\t\t\t\t\t\t<div class=\"elementor-row\">\n\t\t\t\t\t<div class=\"elementor-column elementor-col-100 elementor-top-column elementor-element elementor-element-67da3741 sc_inner_width_none sc_content_align_inherit sc_layouts_column_icons_position_left sc_fly_static\" data-id=\"67da3741\" data-element_type=\"column\">\n\t\t\t<div class=\"elementor-column-wrap elementor-element-populated\">\n\t\t\t\t\t\t\t<div class=\"elementor-widget-wrap\">\n\t\t\t\t\t\t<div class=\"elementor-element elementor-element-12f7b1c2 sc_fly_static elementor-widget elementor-widget-spacer\" data-id=\"12f7b1c2\" data-element_type=\"widget\" data-widget_type=\"spacer.default\">\n\t\t\t\t<div class=\"elementor-widget-container\">\n\t\t\t\t\t<div class=\"elementor-spacer\">\n\t\t\t<div class=\"elementor-spacer-inner\"><\/div>\n\t\t<\/div>\n\t\t\t\t<\/div>\n\t\t\t\t<\/div>\n\t\t\t\t\t\t<\/div>\n\t\t\t\t\t<\/div>\n\t\t<\/div>\n\t\t\t\t\t\t\t\t<\/div>\n\t\t\t\t\t<\/div>\n\t\t<\/section>\n\t\t\t\t<section class=\"elementor-section elementor-top-section elementor-element elementor-element-4632e2f3 elementor-section-boxed elementor-section-height-default elementor-section-height-default sc_fly_static\" data-id=\"4632e2f3\" data-element_type=\"section\" data-settings=\"{&quot;background_background&quot;:&quot;classic&quot;}\">\n\t\t\t\t\t\t<div class=\"elementor-container elementor-column-gap-extended\">\n\t\t\t\t\t\t\t<div class=\"elementor-row\">\n\t\t\t\t\t<div class=\"elementor-column elementor-col-100 elementor-top-column elementor-element elementor-element-ae455b5 sc_inner_width_none sc_content_align_inherit sc_layouts_column_icons_position_left sc_fly_static\" data-id=\"ae455b5\" data-element_type=\"column\">\n\t\t\t<div class=\"elementor-column-wrap elementor-element-populated\">\n\t\t\t\t\t\t\t<div class=\"elementor-widget-wrap\">\n\t\t\t\t\t\t<div class=\"elementor-element elementor-element-5443ecc5 sc_fly_static elementor-widget elementor-widget-text-editor\" data-id=\"5443ecc5\" data-element_type=\"widget\" data-widget_type=\"text-editor.default\">\n\t\t\t\t<div class=\"elementor-widget-container\">\n\t\t\t\t\t\t\t\t<div class=\"elementor-text-editor elementor-clearfix\">\n\t\t\t\t<h5>Sicherheitsma\u00dfnahmen<\/h5><p>Wir verwenden auf unserer gesamten Website das SSL\/HTTPS-Protokoll. Dadurch wird unsere Benutzerkommunikation mit den Servern verschl\u00fcsselt, sodass personenbezogene Daten nicht unbefugt von Dritten erfasst\/gestohlen werden. <br \/>Im Falle einer Datenschutzverletzung werden Systemadministratoren sofort alle erforderlichen Schritte unternehmen, um die Systemintegrit\u00e4t sicherzustellen, betroffene Benutzer kontaktieren und versuchen, Passw\u00f6rter bei Bedarf zur\u00fcckzusetzen.<\/p>\t\t\t\t\t<\/div>\n\t\t\t\t\t\t<\/div>\n\t\t\t\t<\/div>\n\t\t\t\t\t\t<\/div>\n\t\t\t\t\t<\/div>\n\t\t<\/div>\n\t\t\t\t\t\t\t\t<\/div>\n\t\t\t\t\t<\/div>\n\t\t<\/section>\n\t\t\t\t<section class=\"elementor-section elementor-top-section elementor-element elementor-element-7da90f27 elementor-section-boxed elementor-section-height-default elementor-section-height-default sc_fly_static\" data-id=\"7da90f27\" data-element_type=\"section\">\n\t\t\t\t\t\t<div class=\"elementor-container elementor-column-gap-extended\">\n\t\t\t\t\t\t\t<div class=\"elementor-row\">\n\t\t\t\t\t<div class=\"elementor-column elementor-col-100 elementor-top-column elementor-element elementor-element-7232805a sc_inner_width_none sc_content_align_inherit sc_layouts_column_icons_position_left sc_fly_static\" data-id=\"7232805a\" data-element_type=\"column\">\n\t\t\t<div class=\"elementor-column-wrap elementor-element-populated\">\n\t\t\t\t\t\t\t<div class=\"elementor-widget-wrap\">\n\t\t\t\t\t\t<div class=\"elementor-element elementor-element-42b5c1dd sc_fly_static elementor-widget elementor-widget-spacer\" data-id=\"42b5c1dd\" data-element_type=\"widget\" data-widget_type=\"spacer.default\">\n\t\t\t\t<div class=\"elementor-widget-container\">\n\t\t\t\t\t<div class=\"elementor-spacer\">\n\t\t\t<div class=\"elementor-spacer-inner\"><\/div>\n\t\t<\/div>\n\t\t\t\t<\/div>\n\t\t\t\t<\/div>\n\t\t\t\t\t\t<\/div>\n\t\t\t\t\t<\/div>\n\t\t<\/div>\n\t\t\t\t\t\t\t\t<\/div>\n\t\t\t\t\t<\/div>\n\t\t<\/section>\n\t\t\t\t\t\t\t\t\t<\/div>\n\t\t\t<\/div>\n\t\t\t\t\t<\/div>\n\t\t","protected":false},"excerpt":{"rendered":"<p>Datenschutzerkl\u00e4rung Vorstellung Verantwortlicher f\u00fcr die Datenverarbeitung ist:Luzemann Services GmbH &amp; Co. KGFinkenwerder Norderdeich 13321129 Hamburginfo@luzemann-services.de Der Datenschutzbeauftragte unseres Unternehmens ist:Frank Schulz \/ sumit DatenschutzFinkenwerder Norderdeich 13321129 Hamburginfo@luzemann-services.de Wir freuen uns&hellip;<\/p>\n","protected":false},"author":1,"featured_media":0,"parent":0,"menu_order":0,"comment_status":"closed","ping_status":"closed","template":"","meta":{"footnotes":""},"class_list":["post-24665","page","type-page","status-publish","hentry"],"_links":{"self":[{"href":"https:\/\/luzemann-services.de\/index.php?rest_route=\/wp\/v2\/pages\/24665","targetHints":{"allow":["GET"]}}],"collection":[{"href":"https:\/\/luzemann-services.de\/index.php?rest_route=\/wp\/v2\/pages"}],"about":[{"href":"https:\/\/luzemann-services.de\/index.php?rest_route=\/wp\/v2\/types\/page"}],"author":[{"embeddable":true,"href":"https:\/\/luzemann-services.de\/index.php?rest_route=\/wp\/v2\/users\/1"}],"replies":[{"embeddable":true,"href":"https:\/\/luzemann-services.de\/index.php?rest_route=%2Fwp%2Fv2%2Fcomments&post=24665"}],"version-history":[{"count":34,"href":"https:\/\/luzemann-services.de\/index.php?rest_route=\/wp\/v2\/pages\/24665\/revisions"}],"predecessor-version":[{"id":24952,"href":"https:\/\/luzemann-services.de\/index.php?rest_route=\/wp\/v2\/pages\/24665\/revisions\/24952"}],"wp:attachment":[{"href":"https:\/\/luzemann-services.de\/index.php?rest_route=%2Fwp%2Fv2%2Fmedia&parent=24665"}],"curies":[{"name":"wp","href":"https:\/\/api.w.org\/{rel}","templated":true}]}}